{"id":117,"date":"2018-03-05T12:21:38","date_gmt":"2018-03-05T11:21:38","guid":{"rendered":"http:\/\/surmund.com\/wp\/?page_id=117"},"modified":"2025-05-05T10:28:21","modified_gmt":"2025-05-05T08:28:21","slug":"u-v-m","status":"publish","type":"page","link":"https:\/\/surmund.com\/wp\/u-v-m\/","title":{"rendered":"u.v.m."},"content":{"rendered":"\t\t<div data-elementor-type=\"wp-post\" data-elementor-id=\"117\" class=\"elementor elementor-117\">\n\t\t\t\t\t\t\t\t\t<section class=\"elementor-section elementor-top-section elementor-element elementor-element-21b6d712 elementor-section-boxed elementor-section-height-default elementor-section-height-default\" data-id=\"21b6d712\" data-element_type=\"section\" data-settings=\"{&quot;background_background&quot;:&quot;classic&quot;}\">\n\t\t\t\t\t\t<div class=\"elementor-container elementor-column-gap-default\">\n\t\t\t\t\t<div class=\"elementor-column elementor-col-100 elementor-top-column elementor-element elementor-element-33a29c19\" data-id=\"33a29c19\" data-element_type=\"column\">\n\t\t\t<div class=\"elementor-widget-wrap elementor-element-populated\">\n\t\t\t\t\t\t\t\t<div class=\"elementor-element elementor-element-3a64947 elementor-widget elementor-widget-global elementor-global-569 elementor-widget-image\" data-id=\"3a64947\" data-element_type=\"widget\" data-widget_type=\"image.default\">\n\t\t\t\t<div class=\"elementor-widget-container\">\n\t\t\t\t\t\t\t\t\t\t\t\t\t\t\t<img loading=\"lazy\" decoding=\"async\" width=\"800\" height=\"434\" src=\"https:\/\/surmund.com\/wp\/wp-content\/uploads\/2018\/07\/UVM.jpg\" class=\"attachment-large size-large wp-image-552\" alt=\"\" srcset=\"https:\/\/surmund.com\/wp\/wp-content\/uploads\/2018\/07\/UVM.jpg 940w, https:\/\/surmund.com\/wp\/wp-content\/uploads\/2018\/07\/UVM-300x163.jpg 300w, https:\/\/surmund.com\/wp\/wp-content\/uploads\/2018\/07\/UVM-768x417.jpg 768w\" sizes=\"auto, (max-width: 800px) 100vw, 800px\" \/>\t\t\t\t\t\t\t\t\t\t\t\t\t\t\t<\/div>\n\t\t\t\t<\/div>\n\t\t\t\t\t<\/div>\n\t\t<\/div>\n\t\t\t\t\t\t\t<\/div>\n\t\t<\/section>\n\t\t\t\t<section class=\"elementor-section elementor-top-section elementor-element elementor-element-29c2d662 elementor-section-boxed elementor-section-height-default elementor-section-height-default\" data-id=\"29c2d662\" data-element_type=\"section\">\n\t\t\t\t\t\t<div class=\"elementor-container elementor-column-gap-default\">\n\t\t\t\t\t<div class=\"elementor-column elementor-col-50 elementor-top-column elementor-element elementor-element-6abbd9a1\" data-id=\"6abbd9a1\" data-element_type=\"column\">\n\t\t\t<div class=\"elementor-widget-wrap elementor-element-populated\">\n\t\t\t\t\t\t\t\t<div class=\"elementor-element elementor-element-42a8ce3a elementor-widget elementor-widget-heading\" data-id=\"42a8ce3a\" data-element_type=\"widget\" data-widget_type=\"heading.default\">\n\t\t\t\t<div class=\"elementor-widget-container\">\n\t\t\t<h1 class=\"elementor-heading-title elementor-size-default\">u.v.m.<\/h1>\t\t<\/div>\n\t\t\t\t<\/div>\n\t\t\t\t\t<\/div>\n\t\t<\/div>\n\t\t\t\t<div class=\"elementor-column elementor-col-50 elementor-top-column elementor-element elementor-element-68ed770f\" data-id=\"68ed770f\" data-element_type=\"column\">\n\t\t\t<div class=\"elementor-widget-wrap elementor-element-populated\">\n\t\t\t\t\t\t\t\t<div class=\"elementor-element elementor-element-b58095a elementor-widget elementor-widget-global elementor-global-516 elementor-widget-heading\" data-id=\"b58095a\" data-element_type=\"widget\" data-widget_type=\"heading.default\">\n\t\t\t\t<div class=\"elementor-widget-container\">\n\t\t\t<h2 class=\"elementor-heading-title elementor-size-default\">F\u00fcr alle Anforderungen ger\u00fcstet<\/h2>\t\t<\/div>\n\t\t\t\t<\/div>\n\t\t\t\t<div class=\"elementor-element elementor-element-d362231 elementor-widget elementor-widget-global elementor-global-521 elementor-widget-text-editor\" data-id=\"d362231\" data-element_type=\"widget\" data-widget_type=\"text-editor.default\">\n\t\t\t\t<div class=\"elementor-widget-container\">\n\t\t\t\t\t\t\t<p>Neben unseren Fachleistungen f\u00fcr Heizung und Sanit\u00e4r bieten wir Ihnen eine Reihe weiterer Handwerkst\u00e4tigkeiten, die bei Renovierungen und Sanierungen anfallen und mit denen wir Ihre Vorstellungen von Wohnkomfort verwirklichen. Ob Modernisieren oder grundlegend Sanieren, wir f\u00fchren die dazu erforderlichen Arbeiten kundengerecht aus. Vom Keller bis unters Dach.<\/p>\n<ul>\n<li><strong>Komplette Wohnungssanierungen<\/strong><\/li>\n<li><strong>Trockenbau<\/strong><\/li>\n<li><strong>Fliesenarbeiten<\/strong> (nur im Zusammenhang mit einer Sanierung)<strong><br \/>\n<\/strong><\/li>\n<li><strong>Elektroinstallation <\/strong>(nur im Zusammenhang mit einer Sanierung)<\/li>\n<li><strong>Beleuchtungssysteme<\/strong><\/li>\n<li><strong>Wohnraumbe- und entl\u00fcftung<\/strong><\/li>\n<li><strong>Bauelemente, Fenster und T\u00fcren <\/strong>(nur im Zusammenhang mit einer Sanierung)<\/li>\n<li><strong>Kernbohrungen (40-230 mm)<\/strong><\/li>\n<li><strong>Ger\u00fcststellung<\/strong><\/li>\n<li><strong>Dacharbeiten<\/strong><\/li>\n<li><strong>Velux-Fenster<\/strong><\/li>\n<li><strong>Schornsteinsanierung\/ Schornsteinverkleidung nach Ma\u00df<\/strong><\/li>\n<\/ul>\n<p><a name=\"dach\"><\/a><br \/>\n<strong>Dach<\/strong><br \/>\nWenn Surmund Ihnen aufs Dach steigt, dann auf Ihren Wunsch. Wir f\u00fchren z.B. Dachreparaturarbeiten aus, bauen VELUX Dachfenster ein und reinigen oder reparieren Dachrinnen.<br \/>\n<a name=\"fliesen\"><\/a><strong><br \/>\nFliesen<\/strong><br \/>\nWer es einmal selbst versucht merkt bald, dass handwerkliche Fertigkeiten gefragt sind. Ebenso der Sinn f\u00fcr \u00e4sthetisches Gestalten und optische Wirkung, abgestimmt auf Bad, K\u00fcche und Wohnbereich. Wir arbeiten hier mit Profis zusammen, von deren K\u00f6nnen wir \u00fcberzeugt sind.<br \/>\n<a name=\"elektroinstallationen\"><\/a><br \/>\n<strong>Elektroinstallationen<\/strong><br \/>\nWas unter Strom steht, ist bei unseren externen Partnern bestens aufgehoben.<br \/>\n<a name=\"gerueststellung\"><\/a><br \/>\n<strong>Ger\u00fcststellung<\/strong><br \/>\nAls Spezialist f\u00fcr Sanierungen und Renovierungen sind wir f\u00fcr diese Anforderung nat\u00fcrlich bestens ger\u00fcstet. Schlie\u00dflich k\u00f6nnen wir selbst am besten einsch\u00e4tzen, wie das Ger\u00fcst f\u00fcr uns am besten passt.<br \/>\n<a name=\"kernbohrungen\"><\/a><br \/>\n<strong>Kernbohrungen<\/strong><br \/>\nMit Hilfe elektronischer Ortungsger\u00e4te bringen wir unsere Kernbohrungen auf ihren jeweiligen Punkt und erm\u00f6glichen so ein H\u00f6chstma\u00df an Sicherheit und Stabilit\u00e4t. Mit der selben Pr\u00e4zision f\u00fchren wir im Heizungs-, Sanit\u00e4r- und Elektrobereich Installationsbohrungen von 40 &#8211; 230 mm, z.B. f\u00fcr L\u00fcftungen, durch.<br \/>\n<a name=\"wohnungssanierung\"><\/a><br \/>\n<strong>Wohnungssanierung<\/strong><br \/>\nEine Wohnung sanieren f\u00fchrt zu einem v\u00f6llig neuen Wohngef\u00fchl, das wiederum die Lebensqualit\u00e4t steigert. Sie erhalten auf die Weise alte Werte und schaffen neue. Von der Heizung \u00fcber die Sanit\u00e4ranlage bis zu Wand und Boden, wir erledigen s\u00e4mtliche Arbeiten wie mit Ihnen vereinbart. Das bezieht das fachgerechte Entsorgen der \u201eAltlasten\u201c mit ein.<\/p>\n<p><strong>Schornsteinsanierung\/ Schornsteinverkleidung nach Ma\u00df<\/strong><br \/>\nWir fertigen f\u00fcr Ihren Schornstein individuelle Schornsteinverkleidungen an.<br \/>\nDiese werden in Handarbeit gekantet und bilden sodann eine sch\u00fctzende H\u00fclle f\u00fcr den bestehenden Schornsteinkopf um den st\u00e4ndig wechselnden Witterungsverh\u00e4ltnissen standhalten zu k\u00f6nnen. Und so Ihrem Schornstein viele weitere Jahre optimal sch\u00fctzen zu k\u00f6nnen.<\/p>\n<p><img loading=\"lazy\" decoding=\"async\" class=\"alignleft wp-image-1041\" src=\"https:\/\/surmund.com\/wp\/wp-content\/uploads\/2025\/03\/Dachhauben.png\" alt=\"\" width=\"454\" height=\"454\" srcset=\"https:\/\/surmund.com\/wp\/wp-content\/uploads\/2025\/03\/Dachhauben.png 800w, https:\/\/surmund.com\/wp\/wp-content\/uploads\/2025\/03\/Dachhauben-300x300.png 300w, https:\/\/surmund.com\/wp\/wp-content\/uploads\/2025\/03\/Dachhauben-150x150.png 150w, https:\/\/surmund.com\/wp\/wp-content\/uploads\/2025\/03\/Dachhauben-768x768.png 768w\" sizes=\"auto, (max-width: 454px) 100vw, 454px\" \/><\/p>\n\t\t\t\t\t\t<\/div>\n\t\t\t\t<\/div>\n\t\t\t\t<div class=\"elementor-element elementor-element-6abc9c3 elementor-widget elementor-widget-spacer\" data-id=\"6abc9c3\" data-element_type=\"widget\" data-widget_type=\"spacer.default\">\n\t\t\t\t<div class=\"elementor-widget-container\">\n\t\t\t\t\t<div class=\"elementor-spacer\">\n\t\t\t<div class=\"elementor-spacer-inner\"><\/div>\n\t\t<\/div>\n\t\t\t\t<\/div>\n\t\t\t\t<\/div>\n\t\t\t\t\t<\/div>\n\t\t<\/div>\n\t\t\t\t\t\t\t<\/div>\n\t\t<\/section>\n\t\t\t\t<section class=\"elementor-section elementor-top-section elementor-element elementor-element-7a5db4b8 homebuttons_large elementor-section-boxed elementor-section-height-default elementor-section-height-default\" data-id=\"7a5db4b8\" data-element_type=\"section\">\n\t\t\t\t\t\t<div class=\"elementor-container elementor-column-gap-extended\">\n\t\t\t\t\t<div class=\"elementor-column elementor-col-25 elementor-top-column elementor-element elementor-element-511dd5e5\" data-id=\"511dd5e5\" data-element_type=\"column\">\n\t\t\t<div class=\"elementor-widget-wrap elementor-element-populated\">\n\t\t\t\t\t\t\t\t<div class=\"elementor-element elementor-element-132c7c6b elementor-widget elementor-widget-image\" data-id=\"132c7c6b\" data-element_type=\"widget\" data-widget_type=\"image.default\">\n\t\t\t\t<div class=\"elementor-widget-container\">\n\t\t\t\t\t\t\t\t\t\t\t\t\t\t\t\t<a href=\"http:\/\/surmund.com\/wp\/heizung\">\n\t\t\t\t\t\t\t<img loading=\"lazy\" decoding=\"async\" width=\"400\" height=\"400\" src=\"https:\/\/surmund.com\/wp\/wp-content\/uploads\/2018\/07\/btn_heizung_orange.png\" class=\"attachment-full size-full wp-image-591\" alt=\"\" srcset=\"https:\/\/surmund.com\/wp\/wp-content\/uploads\/2018\/07\/btn_heizung_orange.png 400w, https:\/\/surmund.com\/wp\/wp-content\/uploads\/2018\/07\/btn_heizung_orange-150x150.png 150w, https:\/\/surmund.com\/wp\/wp-content\/uploads\/2018\/07\/btn_heizung_orange-300x300.png 300w\" sizes=\"auto, (max-width: 400px) 100vw, 400px\" \/>\t\t\t\t\t\t\t\t<\/a>\n\t\t\t\t\t\t\t\t\t\t\t\t\t\t\t<\/div>\n\t\t\t\t<\/div>\n\t\t\t\t\t<\/div>\n\t\t<\/div>\n\t\t\t\t<div class=\"elementor-column elementor-col-25 elementor-top-column elementor-element elementor-element-13d517eb\" data-id=\"13d517eb\" data-element_type=\"column\">\n\t\t\t<div class=\"elementor-widget-wrap elementor-element-populated\">\n\t\t\t\t\t\t\t\t<div class=\"elementor-element elementor-element-65811254 elementor-widget elementor-widget-image\" data-id=\"65811254\" data-element_type=\"widget\" data-widget_type=\"image.default\">\n\t\t\t\t<div class=\"elementor-widget-container\">\n\t\t\t\t\t\t\t\t\t\t\t\t\t\t\t\t<a href=\"http:\/\/surmund.com\/wp\/sanitaer\">\n\t\t\t\t\t\t\t<img loading=\"lazy\" decoding=\"async\" width=\"400\" height=\"400\" src=\"https:\/\/surmund.com\/wp\/wp-content\/uploads\/2018\/07\/btn_sanitaer_orange.png\" class=\"attachment-full size-full wp-image-592\" alt=\"\" srcset=\"https:\/\/surmund.com\/wp\/wp-content\/uploads\/2018\/07\/btn_sanitaer_orange.png 400w, https:\/\/surmund.com\/wp\/wp-content\/uploads\/2018\/07\/btn_sanitaer_orange-150x150.png 150w, https:\/\/surmund.com\/wp\/wp-content\/uploads\/2018\/07\/btn_sanitaer_orange-300x300.png 300w\" sizes=\"auto, (max-width: 400px) 100vw, 400px\" \/>\t\t\t\t\t\t\t\t<\/a>\n\t\t\t\t\t\t\t\t\t\t\t\t\t\t\t<\/div>\n\t\t\t\t<\/div>\n\t\t\t\t\t<\/div>\n\t\t<\/div>\n\t\t\t\t<div class=\"elementor-column elementor-col-25 elementor-top-column elementor-element elementor-element-15d1dbd9\" data-id=\"15d1dbd9\" data-element_type=\"column\">\n\t\t\t<div class=\"elementor-widget-wrap elementor-element-populated\">\n\t\t\t\t\t\t\t\t<div class=\"elementor-element elementor-element-39b1af4c elementor-widget elementor-widget-image\" data-id=\"39b1af4c\" data-element_type=\"widget\" data-widget_type=\"image.default\">\n\t\t\t\t<div class=\"elementor-widget-container\">\n\t\t\t\t\t\t\t\t\t\t\t\t\t\t\t\t<a href=\"http:\/\/surmund.com\/wp\/u-v-m\/\">\n\t\t\t\t\t\t\t<img loading=\"lazy\" decoding=\"async\" width=\"400\" height=\"400\" src=\"https:\/\/surmund.com\/wp\/wp-content\/uploads\/2018\/07\/btn_uvm_orange.png\" class=\"attachment-full size-full wp-image-593\" alt=\"\" srcset=\"https:\/\/surmund.com\/wp\/wp-content\/uploads\/2018\/07\/btn_uvm_orange.png 400w, https:\/\/surmund.com\/wp\/wp-content\/uploads\/2018\/07\/btn_uvm_orange-150x150.png 150w, https:\/\/surmund.com\/wp\/wp-content\/uploads\/2018\/07\/btn_uvm_orange-300x300.png 300w\" sizes=\"auto, (max-width: 400px) 100vw, 400px\" \/>\t\t\t\t\t\t\t\t<\/a>\n\t\t\t\t\t\t\t\t\t\t\t\t\t\t\t<\/div>\n\t\t\t\t<\/div>\n\t\t\t\t\t<\/div>\n\t\t<\/div>\n\t\t\t\t<div class=\"elementor-column elementor-col-25 elementor-top-column elementor-element elementor-element-1c6d87a0\" data-id=\"1c6d87a0\" data-element_type=\"column\">\n\t\t\t<div class=\"elementor-widget-wrap elementor-element-populated\">\n\t\t\t\t\t\t\t\t<div class=\"elementor-element elementor-element-60426c71 elementor-widget elementor-widget-image\" data-id=\"60426c71\" data-element_type=\"widget\" data-widget_type=\"image.default\">\n\t\t\t\t<div class=\"elementor-widget-container\">\n\t\t\t\t\t\t\t\t\t\t\t\t\t\t\t\t<a href=\"http:\/\/surmund.com\/wp\/angebote\">\n\t\t\t\t\t\t\t<img loading=\"lazy\" decoding=\"async\" width=\"400\" height=\"400\" src=\"https:\/\/surmund.com\/wp\/wp-content\/uploads\/2019\/01\/btn_angebote_orange.png\" class=\"attachment-full size-full wp-image-786\" alt=\"\" srcset=\"https:\/\/surmund.com\/wp\/wp-content\/uploads\/2019\/01\/btn_angebote_orange.png 400w, https:\/\/surmund.com\/wp\/wp-content\/uploads\/2019\/01\/btn_angebote_orange-150x150.png 150w, https:\/\/surmund.com\/wp\/wp-content\/uploads\/2019\/01\/btn_angebote_orange-300x300.png 300w\" sizes=\"auto, (max-width: 400px) 100vw, 400px\" \/>\t\t\t\t\t\t\t\t<\/a>\n\t\t\t\t\t\t\t\t\t\t\t\t\t\t\t<\/div>\n\t\t\t\t<\/div>\n\t\t\t\t\t<\/div>\n\t\t<\/div>\n\t\t\t\t\t\t\t<\/div>\n\t\t<\/section>\n\t\t\t\t\t\t\t<\/div>\n\t\t","protected":false},"excerpt":{"rendered":"<p>u.v.m.<\/p>\n","protected":false},"author":1,"featured_media":0,"parent":0,"menu_order":0,"comment_status":"closed","ping_status":"closed","template":"","meta":{"_acf_changed":false,"footnotes":""},"class_list":["post-117","page","type-page","status-publish","hentry"],"acf":[],"_links":{"self":[{"href":"https:\/\/surmund.com\/wp\/wp-json\/wp\/v2\/pages\/117","targetHints":{"allow":["GET"]}}],"collection":[{"href":"https:\/\/surmund.com\/wp\/wp-json\/wp\/v2\/pages"}],"about":[{"href":"https:\/\/surmund.com\/wp\/wp-json\/wp\/v2\/types\/page"}],"author":[{"embeddable":true,"href":"https:\/\/surmund.com\/wp\/wp-json\/wp\/v2\/users\/1"}],"replies":[{"embeddable":true,"href":"https:\/\/surmund.com\/wp\/wp-json\/wp\/v2\/comments?post=117"}],"version-history":[{"count":38,"href":"https:\/\/surmund.com\/wp\/wp-json\/wp\/v2\/pages\/117\/revisions"}],"predecessor-version":[{"id":1056,"href":"https:\/\/surmund.com\/wp\/wp-json\/wp\/v2\/pages\/117\/revisions\/1056"}],"wp:attachment":[{"href":"https:\/\/surmund.com\/wp\/wp-json\/wp\/v2\/media?parent=117"}],"curies":[{"name":"wp","href":"https:\/\/api.w.org\/{rel}","templated":true}]}}