{"id":11,"date":"2017-11-08T16:17:00","date_gmt":"2017-11-08T15:17:00","guid":{"rendered":"http:\/\/surmund.com\/wp\/?page_id=11"},"modified":"2024-04-23T13:03:45","modified_gmt":"2024-04-23T11:03:45","slug":"ideen-studio","status":"publish","type":"page","link":"https:\/\/surmund.com\/wp\/ideen-studio\/","title":{"rendered":"Ideen-Studio"},"content":{"rendered":"\t\t<div data-elementor-type=\"wp-post\" data-elementor-id=\"11\" class=\"elementor elementor-11\">\n\t\t\t\t\t\t\t\t\t<section class=\"elementor-section elementor-top-section elementor-element elementor-element-1948cf2d bilderrahmen elementor-section-boxed elementor-section-height-default elementor-section-height-default elementor-invisible\" data-id=\"1948cf2d\" data-element_type=\"section\" data-settings=\"{&quot;background_background&quot;:&quot;classic&quot;,&quot;animation&quot;:&quot;fadeIn&quot;}\">\n\t\t\t\t\t\t<div class=\"elementor-container elementor-column-gap-default\">\n\t\t\t\t\t<div class=\"elementor-column elementor-col-100 elementor-top-column elementor-element elementor-element-5fcc08ae\" data-id=\"5fcc08ae\" data-element_type=\"column\">\n\t\t\t<div class=\"elementor-widget-wrap elementor-element-populated\">\n\t\t\t\t\t\t\t\t<div class=\"elementor-element elementor-element-1f6922c elementor-widget elementor-widget-global elementor-global-569 elementor-widget-image\" data-id=\"1f6922c\" data-element_type=\"widget\" data-widget_type=\"image.default\">\n\t\t\t\t<div class=\"elementor-widget-container\">\n\t\t\t\t\t\t\t\t\t\t\t\t\t\t\t<img loading=\"lazy\" decoding=\"async\" width=\"800\" height=\"534\" src=\"https:\/\/surmund.com\/wp\/wp-content\/uploads\/2023\/08\/Geberitkoje-1024x683.jpg\" class=\"attachment-large size-large wp-image-966\" alt=\"\" srcset=\"https:\/\/surmund.com\/wp\/wp-content\/uploads\/2023\/08\/Geberitkoje-1024x683.jpg 1024w, https:\/\/surmund.com\/wp\/wp-content\/uploads\/2023\/08\/Geberitkoje-300x200.jpg 300w, https:\/\/surmund.com\/wp\/wp-content\/uploads\/2023\/08\/Geberitkoje-768x512.jpg 768w, https:\/\/surmund.com\/wp\/wp-content\/uploads\/2023\/08\/Geberitkoje-1536x1024.jpg 1536w, https:\/\/surmund.com\/wp\/wp-content\/uploads\/2023\/08\/Geberitkoje.jpg 1920w\" sizes=\"auto, (max-width: 800px) 100vw, 800px\" \/>\t\t\t\t\t\t\t\t\t\t\t\t\t\t\t<\/div>\n\t\t\t\t<\/div>\n\t\t\t\t\t<\/div>\n\t\t<\/div>\n\t\t\t\t\t\t\t<\/div>\n\t\t<\/section>\n\t\t\t\t<section class=\"elementor-section elementor-top-section elementor-element elementor-element-7b93dff6 elementor-section-boxed elementor-section-height-default elementor-section-height-default elementor-invisible\" data-id=\"7b93dff6\" data-element_type=\"section\" data-settings=\"{&quot;animation&quot;:&quot;fadeIn&quot;}\">\n\t\t\t\t\t\t<div class=\"elementor-container elementor-column-gap-default\">\n\t\t\t\t\t<div class=\"elementor-column elementor-col-50 elementor-top-column elementor-element elementor-element-4c7c81a3\" data-id=\"4c7c81a3\" data-element_type=\"column\">\n\t\t\t<div class=\"elementor-widget-wrap elementor-element-populated\">\n\t\t\t\t\t\t\t\t<div class=\"elementor-element elementor-element-3121550 elementor-widget elementor-widget-heading\" data-id=\"3121550\" data-element_type=\"widget\" data-widget_type=\"heading.default\">\n\t\t\t\t<div class=\"elementor-widget-container\">\n\t\t\t<h1 class=\"elementor-heading-title elementor-size-default\">Ideen-Studio<\/h1>\t\t<\/div>\n\t\t\t\t<\/div>\n\t\t\t\t\t<\/div>\n\t\t<\/div>\n\t\t\t\t<div class=\"elementor-column elementor-col-50 elementor-top-column elementor-element elementor-element-ad50b3b\" data-id=\"ad50b3b\" data-element_type=\"column\">\n\t\t\t<div class=\"elementor-widget-wrap elementor-element-populated\">\n\t\t\t\t\t\t\t\t<div class=\"elementor-element elementor-element-854dfda elementor-widget elementor-widget-global elementor-global-516 elementor-widget-heading\" data-id=\"854dfda\" data-element_type=\"widget\" data-widget_type=\"heading.default\">\n\t\t\t\t<div class=\"elementor-widget-container\">\n\t\t\t<h2 class=\"elementor-heading-title elementor-size-default\"> Lassen Sie sich inspirieren<\/h2>\t\t<\/div>\n\t\t\t\t<\/div>\n\t\t\t\t<div class=\"elementor-element elementor-element-9172936 elementor-widget elementor-widget-global elementor-global-521 elementor-widget-text-editor\" data-id=\"9172936\" data-element_type=\"widget\" data-widget_type=\"text-editor.default\">\n\t\t\t\t<div class=\"elementor-widget-container\">\n\t\t\t\t\t\t\t<p>Sie m\u00f6chten Ihr Bad in modernem Design gestalten? Sie wollen Ihre Heizung auf den neuesten Stand der Technik bringen? Sie tr\u00e4umen von einer neuen K\u00fcche, die Ihre Vorstellungen von Form und Funktionalit\u00e4t vereint? Dann k\u00f6nnen Sie sich an dieser Stelle einen \u00dcberblick verschaffen, was unterschiedliche Anbieter alles erm\u00f6glichen und was sich in der Praxis bew\u00e4hrt hat. Ideen f\u00fcr Ausstattungen, die zu verschiedenen Einrichtungsstilen passen. Lassen Sie sich inspirieren. Am besten hier vor Ort.<br \/>\nDann k\u00f6nnen wir Ihnen eventuelle Fragen gleich beantworten oder alternative L\u00f6sungen vorschlagen. Nehmen Sie gerne Kontakt zu uns auf. Wir freuen uns auf Sie!<\/p>\n<p><span style=\"color: #333333\">Seit Anfang 2024 stellen wir in unserem ca. 200m\u00b2 gro\u00dfen Ideen-Studio unter anderem auch die Neuheiten unserer Partner aus<\/span><\/p>\n<p><img loading=\"lazy\" decoding=\"async\" class=\"wp-image-993 alignright\" src=\"https:\/\/surmund.com\/wp\/wp-content\/uploads\/2024\/04\/baexe-150x150.jpg\" alt=\"\" width=\"230\" height=\"230\" srcset=\"https:\/\/surmund.com\/wp\/wp-content\/uploads\/2024\/04\/baexe-150x150.jpg 150w, https:\/\/surmund.com\/wp\/wp-content\/uploads\/2024\/04\/baexe-300x300.jpg 300w, https:\/\/surmund.com\/wp\/wp-content\/uploads\/2024\/04\/baexe-1021x1024.jpg 1021w, https:\/\/surmund.com\/wp\/wp-content\/uploads\/2024\/04\/baexe-768x770.jpg 768w, https:\/\/surmund.com\/wp\/wp-content\/uploads\/2024\/04\/baexe-1532x1536.jpg 1532w, https:\/\/surmund.com\/wp\/wp-content\/uploads\/2024\/04\/baexe-2043x2048.jpg 2043w\" sizes=\"auto, (max-width: 230px) 100vw, 230px\" \/><\/p>\n<p><span style=\"color: #ff6600\">NEU!<\/span><span style=\"color: #333333\"> Wir haben die &#8222;TOP B\u00e4derbauer&#8220; Auszeichnung erhalten.<\/span><\/p>\n<p><strong>\u00d6ffnungszeiten<\/strong><\/p>\n<p>Montag-Donnerstag:\u00a0\u00a0 10:00-16:00 Uhr<br \/>\nund nach Vereinbarung<br \/>\ntelefonisch erreichbar:\u00a0 8:00-17:00 Uhr<br \/>\n<span style=\"color: #ff6600\"><span style=\"color: #333333\">Fon:<\/span> 040 &#8211; 605 47 27<\/span><\/p>\n\t\t\t\t\t\t<\/div>\n\t\t\t\t<\/div>\n\t\t\t\t\t<\/div>\n\t\t<\/div>\n\t\t\t\t\t\t\t<\/div>\n\t\t<\/section>\n\t\t\t\t<section class=\"elementor-section elementor-top-section elementor-element elementor-element-760827ef homebuttons_large elementor-section-boxed elementor-section-height-default elementor-section-height-default\" data-id=\"760827ef\" data-element_type=\"section\">\n\t\t\t\t\t\t<div class=\"elementor-container elementor-column-gap-extended\">\n\t\t\t\t\t<div class=\"elementor-column elementor-col-25 elementor-top-column elementor-element elementor-element-34d7d134\" data-id=\"34d7d134\" data-element_type=\"column\">\n\t\t\t<div class=\"elementor-widget-wrap elementor-element-populated\">\n\t\t\t\t\t\t\t\t<div class=\"elementor-element elementor-element-618c3a52 elementor-widget elementor-widget-image\" data-id=\"618c3a52\" data-element_type=\"widget\" data-widget_type=\"image.default\">\n\t\t\t\t<div class=\"elementor-widget-container\">\n\t\t\t\t\t\t\t\t\t\t\t\t\t\t\t\t<a href=\"http:\/\/surmund.com\/wp\/heizung\">\n\t\t\t\t\t\t\t<img loading=\"lazy\" decoding=\"async\" width=\"400\" height=\"400\" src=\"https:\/\/surmund.com\/wp\/wp-content\/uploads\/2018\/07\/btn_heizung_orange.png\" class=\"attachment-full size-full wp-image-591\" alt=\"\" srcset=\"https:\/\/surmund.com\/wp\/wp-content\/uploads\/2018\/07\/btn_heizung_orange.png 400w, https:\/\/surmund.com\/wp\/wp-content\/uploads\/2018\/07\/btn_heizung_orange-150x150.png 150w, https:\/\/surmund.com\/wp\/wp-content\/uploads\/2018\/07\/btn_heizung_orange-300x300.png 300w\" sizes=\"auto, (max-width: 400px) 100vw, 400px\" \/>\t\t\t\t\t\t\t\t<\/a>\n\t\t\t\t\t\t\t\t\t\t\t\t\t\t\t<\/div>\n\t\t\t\t<\/div>\n\t\t\t\t\t<\/div>\n\t\t<\/div>\n\t\t\t\t<div class=\"elementor-column elementor-col-25 elementor-top-column elementor-element elementor-element-1a420671\" data-id=\"1a420671\" data-element_type=\"column\">\n\t\t\t<div class=\"elementor-widget-wrap elementor-element-populated\">\n\t\t\t\t\t\t\t\t<div class=\"elementor-element elementor-element-5395616 elementor-widget elementor-widget-image\" data-id=\"5395616\" data-element_type=\"widget\" data-widget_type=\"image.default\">\n\t\t\t\t<div class=\"elementor-widget-container\">\n\t\t\t\t\t\t\t\t\t\t\t\t\t\t\t\t<a href=\"http:\/\/surmund.com\/wp\/sanitaer\">\n\t\t\t\t\t\t\t<img loading=\"lazy\" decoding=\"async\" width=\"400\" height=\"400\" src=\"https:\/\/surmund.com\/wp\/wp-content\/uploads\/2018\/07\/btn_sanitaer_orange.png\" class=\"attachment-full size-full wp-image-592\" alt=\"\" srcset=\"https:\/\/surmund.com\/wp\/wp-content\/uploads\/2018\/07\/btn_sanitaer_orange.png 400w, https:\/\/surmund.com\/wp\/wp-content\/uploads\/2018\/07\/btn_sanitaer_orange-150x150.png 150w, https:\/\/surmund.com\/wp\/wp-content\/uploads\/2018\/07\/btn_sanitaer_orange-300x300.png 300w\" sizes=\"auto, (max-width: 400px) 100vw, 400px\" \/>\t\t\t\t\t\t\t\t<\/a>\n\t\t\t\t\t\t\t\t\t\t\t\t\t\t\t<\/div>\n\t\t\t\t<\/div>\n\t\t\t\t\t<\/div>\n\t\t<\/div>\n\t\t\t\t<div class=\"elementor-column elementor-col-25 elementor-top-column elementor-element elementor-element-3509bd44\" data-id=\"3509bd44\" data-element_type=\"column\">\n\t\t\t<div class=\"elementor-widget-wrap elementor-element-populated\">\n\t\t\t\t\t\t\t\t<div class=\"elementor-element elementor-element-7f1f82b6 elementor-widget elementor-widget-image\" data-id=\"7f1f82b6\" data-element_type=\"widget\" data-widget_type=\"image.default\">\n\t\t\t\t<div class=\"elementor-widget-container\">\n\t\t\t\t\t\t\t\t\t\t\t\t\t\t\t\t<a href=\"http:\/\/surmund.com\/wp\/u-v-m\/\">\n\t\t\t\t\t\t\t<img loading=\"lazy\" decoding=\"async\" width=\"400\" height=\"400\" src=\"https:\/\/surmund.com\/wp\/wp-content\/uploads\/2018\/07\/btn_uvm_orange.png\" class=\"attachment-full size-full wp-image-593\" alt=\"\" srcset=\"https:\/\/surmund.com\/wp\/wp-content\/uploads\/2018\/07\/btn_uvm_orange.png 400w, https:\/\/surmund.com\/wp\/wp-content\/uploads\/2018\/07\/btn_uvm_orange-150x150.png 150w, https:\/\/surmund.com\/wp\/wp-content\/uploads\/2018\/07\/btn_uvm_orange-300x300.png 300w\" sizes=\"auto, (max-width: 400px) 100vw, 400px\" \/>\t\t\t\t\t\t\t\t<\/a>\n\t\t\t\t\t\t\t\t\t\t\t\t\t\t\t<\/div>\n\t\t\t\t<\/div>\n\t\t\t\t\t<\/div>\n\t\t<\/div>\n\t\t\t\t<div class=\"elementor-column elementor-col-25 elementor-top-column elementor-element elementor-element-53e86cd1\" data-id=\"53e86cd1\" data-element_type=\"column\">\n\t\t\t<div class=\"elementor-widget-wrap elementor-element-populated\">\n\t\t\t\t\t\t\t\t<div class=\"elementor-element elementor-element-1384f563 elementor-widget elementor-widget-image\" data-id=\"1384f563\" data-element_type=\"widget\" data-widget_type=\"image.default\">\n\t\t\t\t<div class=\"elementor-widget-container\">\n\t\t\t\t\t\t\t\t\t\t\t\t\t\t\t\t<a href=\"http:\/\/surmund.com\/wp\/angebote\">\n\t\t\t\t\t\t\t<img loading=\"lazy\" decoding=\"async\" width=\"400\" height=\"400\" src=\"https:\/\/surmund.com\/wp\/wp-content\/uploads\/2019\/01\/btn_angebote_orange.png\" class=\"attachment-full size-full wp-image-786\" alt=\"\" srcset=\"https:\/\/surmund.com\/wp\/wp-content\/uploads\/2019\/01\/btn_angebote_orange.png 400w, https:\/\/surmund.com\/wp\/wp-content\/uploads\/2019\/01\/btn_angebote_orange-150x150.png 150w, https:\/\/surmund.com\/wp\/wp-content\/uploads\/2019\/01\/btn_angebote_orange-300x300.png 300w\" sizes=\"auto, (max-width: 400px) 100vw, 400px\" \/>\t\t\t\t\t\t\t\t<\/a>\n\t\t\t\t\t\t\t\t\t\t\t\t\t\t\t<\/div>\n\t\t\t\t<\/div>\n\t\t\t\t\t<\/div>\n\t\t<\/div>\n\t\t\t\t\t\t\t<\/div>\n\t\t<\/section>\n\t\t\t\t\t\t\t<\/div>\n\t\t","protected":false},"excerpt":{"rendered":"<p>Ideen-Studio<\/p>\n","protected":false},"author":1,"featured_media":0,"parent":0,"menu_order":0,"comment_status":"closed","ping_status":"closed","template":"","meta":{"_acf_changed":false,"footnotes":""},"class_list":["post-11","page","type-page","status-publish","hentry"],"acf":[],"_links":{"self":[{"href":"https:\/\/surmund.com\/wp\/wp-json\/wp\/v2\/pages\/11","targetHints":{"allow":["GET"]}}],"collection":[{"href":"https:\/\/surmund.com\/wp\/wp-json\/wp\/v2\/pages"}],"about":[{"href":"https:\/\/surmund.com\/wp\/wp-json\/wp\/v2\/types\/page"}],"author":[{"embeddable":true,"href":"https:\/\/surmund.com\/wp\/wp-json\/wp\/v2\/users\/1"}],"replies":[{"embeddable":true,"href":"https:\/\/surmund.com\/wp\/wp-json\/wp\/v2\/comments?post=11"}],"version-history":[{"count":63,"href":"https:\/\/surmund.com\/wp\/wp-json\/wp\/v2\/pages\/11\/revisions"}],"predecessor-version":[{"id":994,"href":"https:\/\/surmund.com\/wp\/wp-json\/wp\/v2\/pages\/11\/revisions\/994"}],"wp:attachment":[{"href":"https:\/\/surmund.com\/wp\/wp-json\/wp\/v2\/media?parent=11"}],"curies":[{"name":"wp","href":"https:\/\/api.w.org\/{rel}","templated":true}]}}